{"id":1868,"date":"2025-08-15T16:44:32","date_gmt":"2025-08-15T16:44:32","guid":{"rendered":"https:\/\/global-support-services.net\/?page_id=1868"},"modified":"2025-08-16T10:59:30","modified_gmt":"2025-08-16T10:59:30","slug":"events","status":"publish","type":"page","link":"https:\/\/global-support-services.net\/index.php\/events\/","title":{"rendered":"Events"},"content":{"rendered":"<p><div class=\"fusion-fullwidth fullwidth-box fusion-builder-row-1 fusion-flex-container hundred-percent-fullwidth non-hundred-percent-height-scrolling\" style=\"background-color: #ffffff;background-position: left top;background-repeat: no-repeat;border-width: 0px 0px 0px 0px;border-color:#eae9e9;border-style:solid;\" ><div class=\"fusion-builder-row fusion-row fusion-flex-align-items-center fusion-flex-justify-content-space-around\" style=\"width:104% !important;max-width:104% !important;margin-left: calc(-4% \/ 2 );margin-right: calc(-4% \/ 2 );\"><div class=\"fusion-layout-column fusion_builder_column fusion-builder-column-0 fusion_builder_column_1_3 1_3 fusion-flex-column fusion-flex-align-self-flex-start fusion-column-no-min-height\"><div class=\"fusion-column-wrapper fusion-flex-justify-content-center fusion-content-layout-column\" style=\"background-position:left top;background-repeat:no-repeat;-webkit-background-size:cover;-moz-background-size:cover;-o-background-size:cover;background-size:cover;background-color:#f5f5f5;padding: 85px 20% 85px 20%;\"><style type=\"text\/css\">@media only screen and (max-width:1024px) {.fusion-title.fusion-title-1{margin-top:26px!important;margin-bottom:24px!important;}}<\/style><div class=\"fusion-title title fusion-title-1 fusion-sep-none fusion-title-text fusion-title-size-five\" style=\"font-size:15px;margin-top:26px;margin-bottom:24px;\"><h5 class=\"title-heading-left\" style=\"font-family:&quot;Raleway&quot;;font-weight:700;margin:0;font-size:1em;letter-spacing:1px;\"><p><strong>COCKTAIL DE R\u00c9SEAUTAGE ET D&rsquo;OPPORTUNIT\u00c9S<\/strong><\/p>\n<h3 class=\"fusion-responsive-typography-calculated\" data-fontsize=\"20\" data-lineheight=\"29px\"><strong>Th\u00e8me<\/strong><b>\u00a0: L\u2019engagement citoyen de la diaspora pour le d\u00e9veloppement du Gabon<\/b><\/h3>\n<p><img loading=\"lazy\" decoding=\"async\" class=\"alignnone size-medium wp-image-1870\" src=\"https:\/\/global-support-services.net\/wp-content\/uploads\/2025\/08\/Francois-NDONG-OBIANG-200x300.jpg\" alt=\"\" width=\"200\" height=\"300\" srcset=\"https:\/\/global-support-services.net\/wp-content\/uploads\/2025\/08\/Francois-NDONG-OBIANG-8x12.jpg 8w, https:\/\/global-support-services.net\/wp-content\/uploads\/2025\/08\/Francois-NDONG-OBIANG-200x300.jpg 200w, https:\/\/global-support-services.net\/wp-content\/uploads\/2025\/08\/Francois-NDONG-OBIANG-400x600.jpg 400w, https:\/\/global-support-services.net\/wp-content\/uploads\/2025\/08\/Francois-NDONG-OBIANG-600x900.jpg 600w, https:\/\/global-support-services.net\/wp-content\/uploads\/2025\/08\/Francois-NDONG-OBIANG-683x1024.jpg 683w, https:\/\/global-support-services.net\/wp-content\/uploads\/2025\/08\/Francois-NDONG-OBIANG.jpg 720w\" sizes=\"auto, (max-width: 200px) 100vw, 200px\" \/>Sous le parrainage du Ministre<br \/>de la R\u00e9forme et des Relations avec les Institutions.\u00a0<\/p>\n<p><b><\/b><b>M. Fran\u00e7ois NDONG OBIANG<\/b><\/p>\n<div>\n<p><img loading=\"lazy\" decoding=\"async\" class=\"alignnone size-medium wp-image-1872\" src=\"https:\/\/global-support-services.net\/wp-content\/uploads\/2025\/08\/event-date-time-icon-300x102.png\" alt=\"\" width=\"300\" height=\"102\" srcset=\"https:\/\/global-support-services.net\/wp-content\/uploads\/2025\/08\/event-date-time-icon-18x6.png 18w, https:\/\/global-support-services.net\/wp-content\/uploads\/2025\/08\/event-date-time-icon-200x68.png 200w, https:\/\/global-support-services.net\/wp-content\/uploads\/2025\/08\/event-date-time-icon-300x102.png 300w, https:\/\/global-support-services.net\/wp-content\/uploads\/2025\/08\/event-date-time-icon.png 386w\" sizes=\"auto, (max-width: 300px) 100vw, 300px\" \/><\/p>\n<ul>\n<li><strong>\u00e0 partir de 14h00<\/strong><\/li>\n<li><strong>Le 6 septembre 2025<\/strong><\/li>\n<\/ul>\n<p><strong><img loading=\"lazy\" decoding=\"async\" class=\"wp-image-1777 alignleft\" src=\"https:\/\/global-support-services.net\/wp-content\/uploads\/2023\/06\/RSA-flag-map.png\" alt=\"\" width=\"54\" height=\"46\" srcset=\"https:\/\/global-support-services.net\/wp-content\/uploads\/2023\/06\/RSA-flag-map-14x12.png 14w, https:\/\/global-support-services.net\/wp-content\/uploads\/2023\/06\/RSA-flag-map-200x170.png 200w, https:\/\/global-support-services.net\/wp-content\/uploads\/2023\/06\/RSA-flag-map.png 243w\" sizes=\"auto, (max-width: 54px) 100vw, 54px\" \/><\/strong><strong><a href=\"http:\/\/bit.ly\/4oEnwlI\">11, 5th Avenue, Edenburg, Sandton &#8211; Johannesburg<\/a><\/strong><\/p>\n<ul>\n<li><strong>Tel: +27 (0) 73 771 3292<\/strong><\/li>\n<\/ul>\n<\/div><\/h5><\/div><\/div><\/div><style type=\"text\/css\">.fusion-body .fusion-builder-column-0{width:33.333333333333% !important;margin-top : 0px;margin-bottom : 0px;}.fusion-builder-column-0 > .fusion-column-wrapper {padding-top : 85px !important;padding-right : 20% !important;margin-right : 5.76%;padding-bottom : 85px !important;padding-left : 20% !important;margin-left : 5.76%;}@media only screen and (max-width:1024px) {.fusion-body .fusion-builder-column-0{width:100% !important;}.fusion-builder-column-0 > .fusion-column-wrapper {margin-right : 1.92%;margin-left : 1.92%;}}@media only screen and (max-width:640px) {.fusion-body .fusion-builder-column-0{width:100% !important;}.fusion-builder-column-0 > .fusion-column-wrapper {margin-right : 1.92%;margin-left : 1.92%;}}<\/style><div class=\"fusion-layout-column fusion_builder_column fusion-builder-column-1 fusion_builder_column_2_3 2_3 fusion-flex-column fusion-flex-align-self-flex-start fusion-column-no-min-height\"><div class=\"fusion-column-wrapper fusion-flex-justify-content-center fusion-content-layout-column\" style=\"background-position:left top;background-repeat:no-repeat;-webkit-background-size:cover;-moz-background-size:cover;-o-background-size:cover;background-size:cover;padding: 0px 12% 85px 12%;\"><div style=\"text-align:center;\"><span class=\" fusion-imageframe imageframe-none imageframe-1 hover-type-none\"><img decoding=\"async\" width=\"300\" image_height=\"168\" image_id=\"1896\" title=\"network cocktail champagne\" src=\"https:\/\/global-support-services.net\/wp-content\/uploads\/2025\/08\/network-cocktail-champagne.jpeg\" class=\"img-responsive wp-image-1896\" srcset=\"https:\/\/global-support-services.net\/wp-content\/uploads\/2025\/08\/network-cocktail-champagne-200x112.jpeg 200w, https:\/\/global-support-services.net\/wp-content\/uploads\/2025\/08\/network-cocktail-champagne.jpeg 300w\" sizes=\"(max-width: 1024px) 100vw, (max-width: 640px) 100vw, 300px\" \/><\/span><\/div><style type=\"text\/css\">@media only screen and (max-width:1024px) {.fusion-title.fusion-title-2{margin-top:0px!important;margin-bottom:20px!important;}}@media only screen and (max-width:640px) {.fusion-title.fusion-title-2{margin-top:0px!important;margin-bottom:10px!important;}}<\/style><div class=\"fusion-title title fusion-title-2 fusion-sep-none fusion-title-center fusion-title-text fusion-title-size-two\" style=\"margin-top:0px;margin-bottom:20px;\"><h2 class=\"title-heading-center\" style=\"margin:0;\"><strong>INVITATION AU COCKTAIL <\/strong><\/h2><\/div><div class=\"fusion-separator\" style=\"align-self: center;margin-left: auto;margin-right: auto;margin-top:0px;margin-bottom:30px;width:100%;max-width:206px;\"><div class=\"fusion-separator-border sep-single sep-solid\" style=\"border-color:#fed03d;border-top-width:2px;\"><\/div><\/div><div class=\"fusion-text fusion-text-1\"><h3 class=\"fusion-responsive-typography-calculated\" style=\"--fontsize: 20; line-height: 1.45;\" data-fontsize=\"20\" data-lineheight=\"29px\">Chers membres de la diaspora gabonaise,<br \/>Vous \u00eates cordialement invit\u00e9s \u00e0 une rencontre citoyenne r\u00e9unissant entrepreneurs, acteurs sociaux et partenaires engag\u00e9s pour l\u2019avenir du Gabon.<\/h3>\n<h3 class=\"fusion-responsive-typography-calculated\" style=\"--fontsize: 20; line-height: 1.45;\" data-fontsize=\"20\" data-lineheight=\"29px\">Ce forum sera l\u2019occasion d\u2019\u00e9changer, de proposer, et d\u2019unir nos forces autour des enjeux du d\u00e9veloppement de notre pays.<\/h3>\n<h3 class=\"fusion-responsive-typography-calculated\" style=\"--fontsize: 20; line-height: 1.45;\" data-fontsize=\"20\" data-lineheight=\"29px\"><span style=\"text-decoration: underline;\"><strong>Au programme:<\/strong><\/span><br \/>\ud83d\udc49\ud83c\udffd Investissement et March\u00e9s potentiels<br \/>\ud83d\udc49\ud83c\udffd Startups et \u00c9cosyst\u00e8me d&rsquo;incubation<br \/>\ud83d\udc49\ud83c\udffd Emploi et r\u00e9insertion professionnelle.<br \/>\ud83d\udc49\ud83c\udffd Dispositifs d&rsquo;appui aux GEF<br \/>\ud83d\udc49\ud83c\udffd Probl\u00e9matique des s\u00e9jours irr\u00e9guliers et aide \u00e0 la r\u00e9int\u00e9gration.<br \/>\ud83d\udc49\ud83c\udffd L&rsquo;engagement citoyen.<\/h3>\n<h3 class=\"fusion-responsive-typography-calculated\" style=\"--fontsize: 20; line-height: 1.45;\" data-fontsize=\"20\" data-lineheight=\"29px\">Votre voix compte. Votre engagement aussi.<\/h3>\n<h3 class=\"fusion-responsive-typography-calculated\" style=\"--fontsize: 20; line-height: 1.45;\" data-fontsize=\"20\" data-lineheight=\"29px\">Au plaisir de vous y retrouver !<\/h3>\n<h3 class=\"fusion-responsive-typography-calculated\" style=\"--fontsize: 20; line-height: 1.45;\" data-fontsize=\"20\" data-lineheight=\"29px\"><b><u>Merci de confirmer votre pr\u00e9sence<\/u><\/b><\/h3>\n<div class=\"wpforms-container wpforms-container-full\" id=\"wpforms-1885\"><form id=\"wpforms-form-1885\" class=\"wpforms-validate wpforms-form\" data-formid=\"1885\" method=\"post\" enctype=\"multipart\/form-data\" action=\"\/index.php\/wp-json\/wp\/v2\/pages\/1868\" data-token=\"172544e89fd4be13053c408d3f87f7f1\"><noscript class=\"wpforms-error-noscript\">Veuillez activer JavaScript dans votre navigateur pour remplir ce formulaire.<\/noscript><div class=\"wpforms-field-container\"><div id=\"wpforms-1885-field_5-container\" class=\"wpforms-field wpforms-field-checkbox\" data-field-id=\"5\"><label class=\"wpforms-field-label wpforms-label-hide\" for=\"wpforms-1885-field_5\">Checkboxes <span class=\"wpforms-required-label\">*<\/span><\/label><ul id=\"wpforms-1885-field_5\" class=\"wpforms-field-required\" data-choice-limit=\"1\"><li class=\"choice-1 depth-1\"><input type=\"checkbox\" id=\"wpforms-1885-field_5_1\" data-rule-check-limit=\"true\" name=\"wpforms[fields][5][]\" value=\"Oui je serai au cocktail\" required ><label class=\"wpforms-field-label-inline\" for=\"wpforms-1885-field_5_1\">Oui je serai au cocktail<\/label><\/li><li class=\"choice-4 depth-1\"><input type=\"checkbox\" id=\"wpforms-1885-field_5_4\" data-rule-check-limit=\"true\" name=\"wpforms[fields][5][]\" value=\"Peut \u00eatre, \u00e0 confirmer\" required ><label class=\"wpforms-field-label-inline\" for=\"wpforms-1885-field_5_4\">Peut \u00eatre, \u00e0 confirmer<\/label><\/li><li class=\"choice-5 depth-1\"><input type=\"checkbox\" id=\"wpforms-1885-field_5_5\" data-rule-check-limit=\"true\" name=\"wpforms[fields][5][]\" value=\"Non je ne pense pas y \u00eatre\" required ><label class=\"wpforms-field-label-inline\" for=\"wpforms-1885-field_5_5\">Non je ne pense pas y \u00eatre<\/label><\/li><\/ul><\/div><div id=\"wpforms-1885-field_2-container\" class=\"wpforms-field wpforms-field-textarea\" data-field-id=\"2\"><label class=\"wpforms-field-label\" for=\"wpforms-1885-field_2\">Contact Tel ou Email<\/label><textarea id=\"wpforms-1885-field_2\" class=\"wpforms-field-small wpforms-limit-characters-enabled\" data-form-id=\"1885\" data-field-id=\"2\" data-text-limit=\"256\" name=\"wpforms[fields][2]\" maxlength=\"256\" ><\/textarea><\/div><\/div><!-- .wpforms-field-container --><div class=\"wpforms-submit-container\" ><input type=\"hidden\" name=\"wpforms[id]\" value=\"1885\"><input type=\"hidden\" name=\"wpforms[author]\" value=\"1\"><button type=\"submit\" name=\"wpforms[submit]\" id=\"wpforms-submit-1885\" class=\"wpforms-submit\" data-alt-text=\"Envoi en cours...\" data-submit-text=\"Envoyer\" aria-live=\"assertive\" value=\"wpforms-submit\">Envoyer<\/button><\/div><\/form><\/div>  <!-- .wpforms-container -->\n<\/div><div class=\"fusion-separator fusion-full-width-sep\" style=\"align-self: center;margin-left: auto;margin-right: auto;margin-top:40px;width:100%;\"><\/div><\/div><\/div><style type=\"text\/css\">.fusion-body .fusion-builder-column-1{width:66.666666666667% !important;margin-top : 0px;margin-bottom : 0px;}.fusion-builder-column-1 > .fusion-column-wrapper {padding-top : 0px !important;padding-right : 12% !important;margin-right : 2.88%;padding-bottom : 85px !important;padding-left : 12% !important;margin-left : 2.88%;}@media only screen and (max-width:1024px) {.fusion-body .fusion-builder-column-1{width:100% !important;}.fusion-builder-column-1 > .fusion-column-wrapper {margin-right : 1.92%;margin-left : 1.92%;}}@media only screen and (max-width:640px) {.fusion-body .fusion-builder-column-1{width:100% !important;}.fusion-builder-column-1 > .fusion-column-wrapper {margin-right : 1.92%;margin-left : 1.92%;}}<\/style><\/div><style type=\"text\/css\">.fusion-body .fusion-flex-container.fusion-builder-row-1{ padding-top : 0px;margin-top : 0px;padding-right : 0px;padding-bottom : 0px;margin-bottom : 0px;padding-left : 0px;}<\/style><\/div><div class=\"fusion-fullwidth fullwidth-box fusion-builder-row-2 fusion-flex-container nonhundred-percent-fullwidth non-hundred-percent-height-scrolling\" style=\"background-color: rgba(255,255,255,0);background-position: center center;background-repeat: no-repeat;border-width: 0px 0px 0px 0px;border-color:#eae9e9;border-style:solid;\" ><div class=\"fusion-builder-row fusion-row fusion-flex-align-items-flex-start\" style=\"max-width:1216.8px;margin-left: calc(-4% \/ 2 );margin-right: calc(-4% \/ 2 );\"><div class=\"fusion-layout-column fusion_builder_column fusion-builder-column-2 fusion_builder_column_1_1 1_1 fusion-flex-column\"><div class=\"fusion-column-wrapper fusion-flex-justify-content-flex-start fusion-content-layout-column\" style=\"background-position:left top;background-repeat:no-repeat;-webkit-background-size:cover;-moz-background-size:cover;-o-background-size:cover;background-size:cover;padding: 0px 0px 0px 0px;\"><\/div><\/div><style type=\"text\/css\">.fusion-body .fusion-builder-column-2{width:100% !important;margin-top : 0px;margin-bottom : 0px;}.fusion-builder-column-2 > .fusion-column-wrapper {padding-top : 0px !important;padding-right : 0px !important;margin-right : 1.92%;padding-bottom : 0px !important;padding-left : 0px !important;margin-left : 1.92%;}@media only screen and (max-width:1024px) {.fusion-body .fusion-builder-column-2{width:100% !important;order : 0;}.fusion-builder-column-2 > .fusion-column-wrapper {margin-right : 1.92%;margin-left : 1.92%;}}@media only screen and (max-width:640px) {.fusion-body .fusion-builder-column-2{width:100% !important;order : 0;}.fusion-builder-column-2 > .fusion-column-wrapper {margin-right : 1.92%;margin-left : 1.92%;}}<\/style><\/div><style type=\"text\/css\">.fusion-body .fusion-flex-container.fusion-builder-row-2{ padding-top : 0px;margin-top : 0px;padding-right : 0px;padding-bottom : 0px;margin-bottom : 0px;padding-left : 0px;}<\/style><\/div><div class=\"fusion-fullwidth fullwidth-box fusion-builder-row-3 fusion-flex-container nonhundred-percent-fullwidth non-hundred-percent-height-scrolling\" style=\"background-color: rgba(255,255,255,0);background-position: center center;background-repeat: no-repeat;border-width: 0px 0px 0px 0px;border-color:#eae9e9;border-style:solid;\" ><div class=\"fusion-builder-row fusion-row fusion-flex-align-items-flex-start\" style=\"max-width:1216.8px;margin-left: calc(-4% \/ 2 );margin-right: calc(-4% \/ 2 );\"><div class=\"fusion-layout-column fusion_builder_column fusion-builder-column-3 fusion_builder_column_1_1 1_1 fusion-flex-column\"><div class=\"fusion-column-wrapper fusion-flex-justify-content-flex-start fusion-content-layout-column\" style=\"background-position:left top;background-repeat:no-repeat;-webkit-background-size:cover;-moz-background-size:cover;-o-background-size:cover;background-size:cover;padding: 0px 0px 0px 0px;\"><div class=\"fusion-text fusion-text-2\"><\/div><\/div><\/div><style type=\"text\/css\">.fusion-body .fusion-builder-column-3{width:100% !important;margin-top : 0px;margin-bottom : 0px;}.fusion-builder-column-3 > .fusion-column-wrapper {padding-top : 0px !important;padding-right : 0px !important;margin-right : 1.92%;padding-bottom : 0px !important;padding-left : 0px !important;margin-left : 1.92%;}@media only screen and (max-width:1024px) {.fusion-body .fusion-builder-column-3{width:100% !important;order : 0;}.fusion-builder-column-3 > .fusion-column-wrapper {margin-right : 1.92%;margin-left : 1.92%;}}@media only screen and (max-width:640px) {.fusion-body .fusion-builder-column-3{width:100% !important;order : 0;}.fusion-builder-column-3 > .fusion-column-wrapper {margin-right : 1.92%;margin-left : 1.92%;}}<\/style><\/div><style type=\"text\/css\">.fusion-body .fusion-flex-container.fusion-builder-row-3{ padding-top : 0px;margin-top : 0px;padding-right : 0px;padding-bottom : 0px;margin-bottom : 0px;padding-left : 0px;}<\/style><\/div><\/p>\n","protected":false},"excerpt":{"rendered":"","protected":false},"author":1,"featured_media":0,"parent":0,"menu_order":0,"comment_status":"closed","ping_status":"closed","template":"100-width.php","meta":{"_mi_skip_tracking":false,"_monsterinsights_sitenote_active":false,"_monsterinsights_sitenote_note":"","_monsterinsights_sitenote_category":0,"footnotes":""},"class_list":["post-1868","page","type-page","status-publish","hentry"],"_links":{"self":[{"href":"https:\/\/global-support-services.net\/index.php\/wp-json\/wp\/v2\/pages\/1868","targetHints":{"allow":["GET"]}}],"collection":[{"href":"https:\/\/global-support-services.net\/index.php\/wp-json\/wp\/v2\/pages"}],"about":[{"href":"https:\/\/global-support-services.net\/index.php\/wp-json\/wp\/v2\/types\/page"}],"author":[{"embeddable":true,"href":"https:\/\/global-support-services.net\/index.php\/wp-json\/wp\/v2\/users\/1"}],"replies":[{"embeddable":true,"href":"https:\/\/global-support-services.net\/index.php\/wp-json\/wp\/v2\/comments?post=1868"}],"version-history":[{"count":18,"href":"https:\/\/global-support-services.net\/index.php\/wp-json\/wp\/v2\/pages\/1868\/revisions"}],"predecessor-version":[{"id":1904,"href":"https:\/\/global-support-services.net\/index.php\/wp-json\/wp\/v2\/pages\/1868\/revisions\/1904"}],"wp:attachment":[{"href":"https:\/\/global-support-services.net\/index.php\/wp-json\/wp\/v2\/media?parent=1868"}],"curies":[{"name":"wp","href":"https:\/\/api.w.org\/{rel}","templated":true}]}}