{"id":1457,"date":"2021-03-02T14:58:45","date_gmt":"2021-03-02T14:58:45","guid":{"rendered":"https:\/\/global-support-services.net\/?page_id=1457"},"modified":"2021-04-14T22:55:01","modified_gmt":"2021-04-14T22:55:01","slug":"location-immobiliere","status":"publish","type":"page","link":"https:\/\/global-support-services.net\/index.php\/location-immobiliere\/","title":{"rendered":"Location Immobili\u00e8re"},"content":{"rendered":"<div class=\"fusion-fullwidth fullwidth-box fusion-builder-row-1 fusion-flex-container nonhundred-percent-fullwidth non-hundred-percent-height-scrolling\" style=\"background-color: rgba(255,255,255,0);background-position: center center;background-repeat: no-repeat;border-width: 0px 0px 0px 0px;border-color:#eae9e9;border-style:solid;\" ><div class=\"fusion-builder-row fusion-row fusion-flex-align-items-flex-start\" style=\"max-width:calc( 1170px + 0px );margin-left: calc(-0px \/ 2 );margin-right: calc(-0px \/ 2 );\"><div class=\"fusion-layout-column fusion_builder_column fusion-builder-column-0 fusion_builder_column_1_1 1_1 fusion-flex-column\"><div class=\"fusion-column-wrapper fusion-flex-justify-content-flex-start fusion-content-layout-column\" style=\"background-position:left top;background-repeat:no-repeat;-webkit-background-size:cover;-moz-background-size:cover;-o-background-size:cover;background-size:cover;padding: 0px 0px 0px 0px;\"><div class=\"fusion-text fusion-text-1\"><\/p>\n<ul>\n<li class=\"fusion-responsive-typography-calculated\" data-fontsize=\"32\" data-lineheight=\"41.92px\">\n<h3 class=\"flip-box-heading-back fusion-responsive-typography-calculated\" data-fontsize=\"20\" data-lineheight=\"29px\" style=\"--fontSize:20; line-height: 1.45;\">TOUT TYPE DE BIEN \u00c0 LOUER<\/h3>\n<p>Maison \u2013 Appartement \u2013 Espace divers.<\/p>\n<\/li>\n<\/ul>\n<h4 data-fontsize=\"18\" data-lineheight=\"27.36px\" class=\"fusion-responsive-typography-calculated\" style=\"--fontSize:18; line-height: 1.52; --minFontSize:18;\">LOCATION IMMOBILERE<\/h4>\n<p>Nous mettons \u00e0 votre disposition des logements, des v\u00e9hicules et espaces divers \u00e0 louer \u00e0 court, moyen et long terme<\/p>\n<ul>\n<li>Maison<br>Villa, appartement, chambre dite am\u00e9ricaine \u00e0 louer sous condition all\u00e9g\u00e9e<\/li>\n<li>Appartement meubl\u00e9<br>Pour s\u00e9jour \u00e0 court o\u00f9 \u00e0 long terme, des logements meubl\u00e9s s\u00e9curis\u00e9es avec possibilit\u00e9 de package<\/li>\n<li>Espace divers<br>Pour le stockage de mat\u00e9riel, produits ou l\u2019utilisation d\u2019espace pour c\u00e9r\u00e9monie ou formation etc\u2026<\/li>\n<\/ul>\n<h1 style=\"text-align: center; --fontSize:34; line-height: 1.4;\" data-fontsize=\"34\" data-lineheight=\"47.6px\" class=\"fusion-responsive-typography-calculated\"><span style=\"text-decoration: underline;\"><em><strong>DISPONIBLE<\/strong><\/em><\/span><\/h1>\n<ul>\n<li style=\"text-align: left;\">\n<h2 data-fontsize=\"32\" data-lineheight=\"41.92px\" class=\"fusion-responsive-typography-calculated\" style=\"--fontSize:32; line-height: 1.31;\"><a href=\"https:\/\/global-support-services.net\/index.php\/appartement-a-louer-pk13-bikele\/\"> 1 Appartement  \u00e0 louer PK13-Bik\u00e9l\u00e9 <\/a><\/h2>\n<\/li>\n<li style=\"text-align: left;\">\n<h2 data-fontsize=\"32\" data-lineheight=\"41.92px\" class=\"fusion-responsive-typography-calculated\" style=\"--fontSize:32; line-height: 1.31;\"><a href=\"https:\/\/global-support-services.net\/index.php\/maisons-a-louer-bikele\/\">2 Maisons \u00e0 louer &#8211; Bik\u00e9l\u00e9<\/a><\/h2>\n<\/li>\n<li>\n<h2 data-fontsize=\"32\" data-lineheight=\"41.92px\" class=\"fusion-responsive-typography-calculated\" style=\"--fontSize:32; line-height: 1.31;\"><a href=\"https:\/\/global-support-services.net\/index.php\/maisons-a-louer-owendo\">1 Maison \u00e0 louer &#8211; Owendo<\/a><\/h2>\n<\/li>\n<\/ul>\n<\/div><\/div><\/div><style type=\"text\/css\">.fusion-body .fusion-builder-column-0{width:100% !important;margin-top : 0px;margin-bottom : 0px;}.fusion-builder-column-0 > .fusion-column-wrapper {padding-top : 0px !important;padding-right : 0px !important;margin-right : 0px;padding-bottom : 0px !important;padding-left : 0px !important;margin-left : 0px;}@media only screen and (max-width:1024px) {.fusion-body .fusion-builder-column-0{width:100% !important;}.fusion-builder-column-0 > .fusion-column-wrapper {margin-right : 0px;margin-left : 0px;}}@media only screen and (max-width:640px) {.fusion-body .fusion-builder-column-0{width:100% !important;}.fusion-builder-column-0 > .fusion-column-wrapper {margin-right : 0px;margin-left : 0px;}}<\/style><\/div><style type=\"text\/css\">.fusion-body .fusion-flex-container.fusion-builder-row-1{ padding-top : 0px;margin-top : 0px;padding-right : 0px;padding-bottom : 0px;margin-bottom : 0px;padding-left : 0px;}<\/style><\/div><div class=\"fusion-fullwidth fullwidth-box fusion-builder-row-2 fusion-flex-container nonhundred-percent-fullwidth non-hundred-percent-height-scrolling\" style=\"background-color: rgba(255,255,255,0);background-position: center center;background-repeat: no-repeat;border-width: 0px 0px 0px 0px;border-color:#eae9e9;border-style:solid;\" ><div class=\"fusion-builder-row fusion-row fusion-flex-align-items-flex-start\" style=\"max-width:1216.8px;margin-left: calc(-4% \/ 2 );margin-right: calc(-4% \/ 2 );\"><div class=\"fusion-layout-column fusion_builder_column fusion-builder-column-1 fusion_builder_column_1_1 1_1 fusion-flex-column\"><div class=\"fusion-column-wrapper fusion-flex-justify-content-flex-start fusion-content-layout-column\" style=\"background-position:left top;background-repeat:no-repeat;-webkit-background-size:cover;-moz-background-size:cover;-o-background-size:cover;background-size:cover;padding: 0px 0px 0px 0px;\"><div class=\"fusion-separator fusion-full-width-sep\" style=\"align-self: center;margin-left: auto;margin-right: auto;width:100%;\"><div class=\"fusion-separator-border sep-single\" style=\"border-color:#eae8e8;border-top-width:2px;\"><\/div><\/div><\/div><\/div><style type=\"text\/css\">.fusion-body .fusion-builder-column-1{width:100% !important;margin-top : 0px;margin-bottom : 0px;}.fusion-builder-column-1 > .fusion-column-wrapper {padding-top : 0px !important;padding-right : 0px !important;margin-right : 1.92%;padding-bottom : 0px !important;padding-left : 0px !important;margin-left : 1.92%;}@media only screen and (max-width:1024px) {.fusion-body .fusion-builder-column-1{width:100% !important;order : 0;}.fusion-builder-column-1 > .fusion-column-wrapper {margin-right : 1.92%;margin-left : 1.92%;}}@media only screen and (max-width:640px) {.fusion-body .fusion-builder-column-1{width:100% !important;order : 0;}.fusion-builder-column-1 > .fusion-column-wrapper {margin-right : 1.92%;margin-left : 1.92%;}}<\/style><\/div><style type=\"text\/css\">.fusion-body .fusion-flex-container.fusion-builder-row-2{ padding-top : 0px;margin-top : 0px;padding-right : 0px;padding-bottom : 0px;margin-bottom : 0px;padding-left : 0px;}<\/style><\/div>","protected":false},"excerpt":{"rendered":"","protected":false},"author":1,"featured_media":0,"parent":0,"menu_order":0,"comment_status":"closed","ping_status":"open","template":"","meta":{"_mi_skip_tracking":false,"_monsterinsights_sitenote_active":false,"_monsterinsights_sitenote_note":"","_monsterinsights_sitenote_category":0,"footnotes":""},"class_list":["post-1457","page","type-page","status-publish","hentry"],"_links":{"self":[{"href":"https:\/\/global-support-services.net\/index.php\/wp-json\/wp\/v2\/pages\/1457","targetHints":{"allow":["GET"]}}],"collection":[{"href":"https:\/\/global-support-services.net\/index.php\/wp-json\/wp\/v2\/pages"}],"about":[{"href":"https:\/\/global-support-services.net\/index.php\/wp-json\/wp\/v2\/types\/page"}],"author":[{"embeddable":true,"href":"https:\/\/global-support-services.net\/index.php\/wp-json\/wp\/v2\/users\/1"}],"replies":[{"embeddable":true,"href":"https:\/\/global-support-services.net\/index.php\/wp-json\/wp\/v2\/comments?post=1457"}],"version-history":[{"count":28,"href":"https:\/\/global-support-services.net\/index.php\/wp-json\/wp\/v2\/pages\/1457\/revisions"}],"predecessor-version":[{"id":1727,"href":"https:\/\/global-support-services.net\/index.php\/wp-json\/wp\/v2\/pages\/1457\/revisions\/1727"}],"wp:attachment":[{"href":"https:\/\/global-support-services.net\/index.php\/wp-json\/wp\/v2\/media?parent=1457"}],"curies":[{"name":"wp","href":"https:\/\/api.w.org\/{rel}","templated":true}]}}