{"id":1422,"date":"2021-01-08T14:31:05","date_gmt":"2021-01-08T14:31:05","guid":{"rendered":"http:\/\/gss.afrinestonline.co.za\/?page_id=1422"},"modified":"2021-03-02T16:46:31","modified_gmt":"2021-03-02T16:46:31","slug":"installation-et-maintenance","status":"publish","type":"page","link":"https:\/\/global-support-services.net\/index.php\/installation-et-maintenance\/","title":{"rendered":"Installation et Maintenance"},"content":{"rendered":"<div class=\"fusion-fullwidth fullwidth-box fusion-builder-row-1 fusion-flex-container nonhundred-percent-fullwidth non-hundred-percent-height-scrolling\" style=\"background-color: rgba(255,255,255,0);background-position: center center;background-repeat: no-repeat;border-width: 0px 0px 0px 0px;border-color:#eae9e9;border-style:solid;\" ><div class=\"fusion-builder-row fusion-row fusion-flex-align-items-flex-start\" style=\"max-width:calc( 1170px + 0px );margin-left: calc(-0px \/ 2 );margin-right: calc(-0px \/ 2 );\"><div class=\"fusion-layout-column fusion_builder_column fusion-builder-column-0 fusion_builder_column_1_1 1_1 fusion-flex-column\"><div class=\"fusion-column-wrapper fusion-flex-justify-content-flex-start fusion-content-layout-column\" style=\"background-position:left top;background-repeat:no-repeat;-webkit-background-size:cover;-moz-background-size:cover;-o-background-size:cover;background-size:cover;padding: 0px 0px 0px 0px;\"><div class=\"fusion-text fusion-text-1\"><\/p>\n<ul>\n<li class=\"flip-box-heading-back fusion-responsive-typography-calculated\" data-fontsize=\"18\" data-lineheight=\"27.36px\">\n<h2>PREVENTIVE OU PREDICTIVE<\/h2>\n<\/li>\n<\/ul>\n<h3>Equipments et r\u00e9seaux informatique, logiciels. Construction et g\u00e9nie civil<\/h3>\n<h4>INSTALLATION ET MAINTENANCE<\/h4>\n<p><img loading=\"lazy\" decoding=\"async\" class=\"alignnone size-medium wp-image-1253\" src=\"https:\/\/global-support-services.net\/wp-content\/uploads\/2020\/12\/global-support-services-908550212-1-300x188.jpg\" alt=\"\" width=\"300\" height=\"188\" srcset=\"https:\/\/global-support-services.net\/wp-content\/uploads\/2020\/12\/global-support-services-908550212-1-200x125.jpg 200w, https:\/\/global-support-services.net\/wp-content\/uploads\/2020\/12\/global-support-services-908550212-1-300x188.jpg 300w, https:\/\/global-support-services.net\/wp-content\/uploads\/2020\/12\/global-support-services-908550212-1-320x202.jpg 320w, https:\/\/global-support-services.net\/wp-content\/uploads\/2020\/12\/global-support-services-908550212-1-400x250.jpg 400w, https:\/\/global-support-services.net\/wp-content\/uploads\/2020\/12\/global-support-services-908550212-1.jpg 600w\" sizes=\"auto, (max-width: 300px) 100vw, 300px\" \/><\/p>\n<p>Nos techniciens sont pr\u00eats 24h sur 24 et 7 j sur 7 pour g\u00e9rer vos \u00e9quipements, assurer<\/p>\n<ul>\n<li>Equipement<br \/>Pour vos maintenances pr\u00e9ventives ou curatives :<br \/>Froid &#8211; B\u00e2timent et Travaux Publics<\/li>\n<li>\n<h4>Informatique<\/h4>\n<p>Nous \u00e9laborons, nous vous conseillons:<\/p>\n<\/li>\n<li>\n<p><span style=\"background-color: rgba(255, 255, 255, 0); color: var(--body_typography-color); font-family: var(--body_typography-font-family); font-size: var(--body_typography-font-size); font-style: var(--body_typography-font-style,normal); font-weight: var(--body_typography-font-weight); letter-spacing: var(--body_typography-letter-spacing);\">Maintenance &#8211; Cr\u00e9ation de site internet<\/span><\/p>\n<\/li>\n<li>PlomberieElectricit\u00e9<\/li>\n<li>Climatisation et Froid<\/li>\n<\/ul>\n<\/div><\/div><\/div><style type=\"text\/css\">.fusion-body .fusion-builder-column-0{width:100% !important;margin-top : 0px;margin-bottom : 0px;}.fusion-builder-column-0 > .fusion-column-wrapper {padding-top : 0px !important;padding-right : 0px !important;margin-right : 0px;padding-bottom : 0px !important;padding-left : 0px !important;margin-left : 0px;}@media only screen and (max-width:1024px) {.fusion-body .fusion-builder-column-0{width:100% !important;}.fusion-builder-column-0 > .fusion-column-wrapper {margin-right : 0px;margin-left : 0px;}}@media only screen and (max-width:640px) {.fusion-body .fusion-builder-column-0{width:100% !important;}.fusion-builder-column-0 > .fusion-column-wrapper {margin-right : 0px;margin-left : 0px;}}<\/style><\/div><style type=\"text\/css\">.fusion-body .fusion-flex-container.fusion-builder-row-1{ padding-top : 0px;margin-top : 0px;padding-right : 0px;padding-bottom : 0px;margin-bottom : 0px;padding-left : 0px;}<\/style><\/div>","protected":false},"excerpt":{"rendered":"","protected":false},"author":1,"featured_media":0,"parent":0,"menu_order":0,"comment_status":"closed","ping_status":"open","template":"","meta":{"_mi_skip_tracking":false,"_monsterinsights_sitenote_active":false,"_monsterinsights_sitenote_note":"","_monsterinsights_sitenote_category":0,"footnotes":""},"class_list":["post-1422","page","type-page","status-publish","hentry"],"_links":{"self":[{"href":"https:\/\/global-support-services.net\/index.php\/wp-json\/wp\/v2\/pages\/1422","targetHints":{"allow":["GET"]}}],"collection":[{"href":"https:\/\/global-support-services.net\/index.php\/wp-json\/wp\/v2\/pages"}],"about":[{"href":"https:\/\/global-support-services.net\/index.php\/wp-json\/wp\/v2\/types\/page"}],"author":[{"embeddable":true,"href":"https:\/\/global-support-services.net\/index.php\/wp-json\/wp\/v2\/users\/1"}],"replies":[{"embeddable":true,"href":"https:\/\/global-support-services.net\/index.php\/wp-json\/wp\/v2\/comments?post=1422"}],"version-history":[{"count":4,"href":"https:\/\/global-support-services.net\/index.php\/wp-json\/wp\/v2\/pages\/1422\/revisions"}],"predecessor-version":[{"id":1493,"href":"https:\/\/global-support-services.net\/index.php\/wp-json\/wp\/v2\/pages\/1422\/revisions\/1493"}],"wp:attachment":[{"href":"https:\/\/global-support-services.net\/index.php\/wp-json\/wp\/v2\/media?parent=1422"}],"curies":[{"name":"wp","href":"https:\/\/api.w.org\/{rel}","templated":true}]}}